{"id":495,"date":"2023-07-17T15:03:02","date_gmt":"2023-07-17T13:03:02","guid":{"rendered":"http:\/\/new.atelierbrno.cz\/?page_id=495"},"modified":"2023-12-11T18:59:18","modified_gmt":"2023-12-11T17:59:18","slug":"archive-news","status":"publish","type":"page","link":"https:\/\/new.atelierbrno.cz\/en\/archive-news\/","title":{"rendered":"Archive news"},"content":{"rendered":"<div class=\"fusion-fullwidth fullwidth-box fusion-builder-row-1 fusion-flex-container has-pattern-background has-mask-background nonhundred-percent-fullwidth non-hundred-percent-height-scrolling\" style=\"--awb-border-radius-top-left:0px;--awb-border-radius-top-right:0px;--awb-border-radius-bottom-right:0px;--awb-border-radius-bottom-left:0px;--awb-padding-top:5rem;--awb-padding-bottom:3.75rem;\" ><div class=\"fusion-builder-row fusion-row fusion-flex-align-items-flex-start fusion-flex-justify-content-center\" style=\"max-width:1248px;margin-left: calc(-4% \/ 2 );margin-right: calc(-4% \/ 2 );\"><div class=\"fusion-layout-column fusion_builder_column fusion-builder-column-0 fusion_builder_column_1_1 1_1 fusion-flex-column\" style=\"--awb-bg-size:cover;--awb-width-large:100%;--awb-spacing-right-large:1.92%;--awb-spacing-left-large:1.92%;--awb-width-medium:100%;--awb-order-medium:0;--awb-spacing-right-medium:1.92%;--awb-spacing-left-medium:1.92%;--awb-width-small:100%;--awb-order-small:0;--awb-spacing-right-small:1.92%;--awb-spacing-left-small:1.92%;\"><div class=\"fusion-column-wrapper fusion-column-has-shadow fusion-flex-justify-content-flex-start fusion-content-layout-column\"><div class=\"fusion-post-cards fusion-post-cards-1 fusion-grid-archive\" style=\"--awb-column-spacing:0px;--awb-dots-align:center;--awb-columns:1;--awb-active-filter-border-size:3px;--awb-filters-height:36px;\"><ul class=\"fusion-grid fusion-grid-1 fusion-flex-align-items-stretch fusion-grid-posts-cards\"><li class=\"fusion-layout-column fusion_builder_column fusion-builder-column-1 fusion-flex-column post-card fusion-grid-column fusion-post-cards-grid-column\" style=\"--awb-bg-blend:overlay;--awb-bg-size:cover;\"><div class=\"fusion-column-wrapper fusion-flex-justify-content-flex-start fusion-content-layout-column\"><div class=\"fusion-text fusion-text-1\" style=\"--awb-content-alignment:center;--awb-font-size:15px;--awb-text-color:var(--awb-color6);--awb-text-font-family:&quot;TrajanPro&quot;;--awb-text-font-style:normal;--awb-text-font-weight:400;\"><p>14. 5. 2024<\/p>\n<\/div><div class=\"fusion-image-element \" style=\"text-align:center;--awb-max-width:350px;\"><span class=\" fusion-imageframe imageframe-none imageframe-1 hover-type-zoomin\"><a class=\"fusion-no-lightbox\" href=\"https:\/\/new.atelierbrno.cz\/en\/the-club-for-old-prague-nominated-the-extension-of-the-faculty-of-arts-of-the-university-in-hradec-kralove-for-the-old-prague-club-award-for-a-new-building-in-the-historical-environment-for-2023-2\/\" target=\"_self\" aria-label=\"Cena_Klubu_za_starou_Prahu_2023_Hradec\"><img decoding=\"async\" width=\"1727\" height=\"2485\" alt=\"The Club for Old Prague nominated the extension of the Faculty of Arts of the University in Hradec Kr\u00e1lov\u00e9 for the Old Prague Club Award for a&nbsp;new building in the historical environment for 2023\" src=\"https:\/\/new.atelierbrno.cz\/wp-content\/uploads\/2024\/05\/Cena_Klubu_za_starou_Prahu_2023_Hradec.jpeg\" class=\"img-responsive wp-image-2548\" srcset=\"https:\/\/new.atelierbrno.cz\/wp-content\/uploads\/2024\/05\/Cena_Klubu_za_starou_Prahu_2023_Hradec-200x288.jpeg 200w, https:\/\/new.atelierbrno.cz\/wp-content\/uploads\/2024\/05\/Cena_Klubu_za_starou_Prahu_2023_Hradec-400x576.jpeg 400w, https:\/\/new.atelierbrno.cz\/wp-content\/uploads\/2024\/05\/Cena_Klubu_za_starou_Prahu_2023_Hradec-600x863.jpeg 600w, https:\/\/new.atelierbrno.cz\/wp-content\/uploads\/2024\/05\/Cena_Klubu_za_starou_Prahu_2023_Hradec-800x1151.jpeg 800w, https:\/\/new.atelierbrno.cz\/wp-content\/uploads\/2024\/05\/Cena_Klubu_za_starou_Prahu_2023_Hradec-1200x1727.jpeg 1200w, https:\/\/new.atelierbrno.cz\/wp-content\/uploads\/2024\/05\/Cena_Klubu_za_starou_Prahu_2023_Hradec.jpeg 1727w\" sizes=\"(max-width: 640px) 100vw, 1200px\" \/><\/a><\/span><\/div><div class=\"fusion-title title fusion-title-1 fusion-sep-none fusion-title-center fusion-title-text fusion-title-size-paragraph\" style=\"--awb-text-color:var(--awb-color8);--awb-link-color:var(--awb-color4);--awb-link-hover-color:var(--awb-color8);--awb-font-size:16px;\"><p class=\"title-heading-center title-heading-tag\" style=\"font-family:&quot;TrajanPro&quot;;font-style:normal;font-weight:400;margin:0;font-size:1em;\"><a href=\"https:\/\/new.atelierbrno.cz\/en\/the-club-for-old-prague-nominated-the-extension-of-the-faculty-of-arts-of-the-university-in-hradec-kralove-for-the-old-prague-club-award-for-a-new-building-in-the-historical-environment-for-2023-2\/\" class=\"awb-custom-text-color awb-custom-text-hover-color\" target=\"_self\">The Club for Old Prague nominated the extension of the Faculty of Arts of the University in Hradec Kr\u00e1lov\u00e9 for the Old Prague Club Award for a&nbsp;new building in the historical environment for 2023<\/a><\/p><\/div><\/div><div class=\"fusion-separator fusion-full-width-sep fusion-absolute-separator fusion-align-center fusion-single-px\" style=\"width:100%;max-width:100%;\"><div class=\"fusion-separator-border sep-single sep-solid\" style=\"border-color:var(--awb-custom_color_1);border-top-width:1px;\"><\/div><\/div><\/li>\n<li class=\"fusion-layout-column fusion_builder_column fusion-builder-column-2 fusion-flex-column post-card fusion-grid-column fusion-post-cards-grid-column\" style=\"--awb-bg-blend:overlay;--awb-bg-size:cover;\"><div class=\"fusion-column-wrapper fusion-flex-justify-content-flex-start fusion-content-layout-column\"><div class=\"fusion-text fusion-text-2\" style=\"--awb-content-alignment:center;--awb-font-size:15px;--awb-text-color:var(--awb-color6);--awb-text-font-family:&quot;TrajanPro&quot;;--awb-text-font-style:normal;--awb-text-font-weight:400;\"><p>2. 5. 2024<\/p>\n<\/div><div class=\"fusion-title title fusion-title-2 fusion-sep-none fusion-title-center fusion-title-text fusion-title-size-paragraph\" style=\"--awb-text-color:var(--awb-color8);--awb-link-color:var(--awb-color4);--awb-link-hover-color:var(--awb-color8);--awb-font-size:16px;\"><p class=\"title-heading-center title-heading-tag\" style=\"font-family:&quot;TrajanPro&quot;;font-style:normal;font-weight:400;margin:0;font-size:1em;\"><a href=\"https:\/\/new.atelierbrno.cz\/en\/the-club-for-old-prague-nominated-the-extension-of-the-faculty-of-arts-of-the-university-in-hradec-kralove-for-the-old-prague-club-award-for-a-new-building-in-the-historical-environment-for-2023\/\" class=\"awb-custom-text-color awb-custom-text-hover-color\" target=\"_self\">TV Architect presents: Petr Hr\u016f\u0161a from Ateli\u00e9r Brno<\/a><\/p><\/div><\/div><div class=\"fusion-separator fusion-full-width-sep fusion-absolute-separator fusion-align-center fusion-single-px\" style=\"width:100%;max-width:100%;\"><div class=\"fusion-separator-border sep-single sep-solid\" style=\"border-color:var(--awb-custom_color_1);border-top-width:1px;\"><\/div><\/div><\/li>\n<li class=\"fusion-layout-column fusion_builder_column fusion-builder-column-3 fusion-flex-column post-card fusion-grid-column fusion-post-cards-grid-column\" style=\"--awb-bg-blend:overlay;--awb-bg-size:cover;\"><div class=\"fusion-column-wrapper fusion-flex-justify-content-flex-start fusion-content-layout-column\"><div class=\"fusion-text fusion-text-3\" style=\"--awb-content-alignment:center;--awb-font-size:15px;--awb-text-color:var(--awb-color6);--awb-text-font-family:&quot;TrajanPro&quot;;--awb-text-font-style:normal;--awb-text-font-weight:400;\"><p>5. 2. 2024<\/p>\n<\/div><div class=\"fusion-image-element \" style=\"text-align:center;--awb-max-width:350px;\"><span class=\" fusion-imageframe imageframe-none imageframe-3 hover-type-zoomin\"><a class=\"fusion-no-lightbox\" href=\"https:\/\/new.atelierbrno.cz\/en\/redesign-cafe-j-in-the-original-interior-of-2011-we-have-replaced-worn-furniture-the-new-image-is-based-on-art-deco-style-co-author-david-prikryl-foto-jiri-hlous\/\" target=\"_self\" aria-label=\"hrusa-j&#038;t_cafe_brno\u00a9jirihlousek-2143\"><img decoding=\"async\" width=\"5362\" height=\"8043\" alt=\"Redesign Caf\u00e9 J&#038;T Bank in Office Center Triniti; In the original interior of 2011 we have replaced worn furniture, the new image is based on Art-Deco style. Co -author: David P\u0159ikryl Foto: Ji\u0159\u00ed Hlou\u0161ek\" src=\"https:\/\/new.atelierbrno.cz\/wp-content\/uploads\/2024\/02\/hrusa-jt_cafe_brno\u00a9jirihlousek-2143.jpg\" class=\"img-responsive wp-image-2550\" srcset=\"https:\/\/new.atelierbrno.cz\/wp-content\/uploads\/2024\/02\/hrusa-jt_cafe_brno\u00a9jirihlousek-2143-200x300.jpg 200w, https:\/\/new.atelierbrno.cz\/wp-content\/uploads\/2024\/02\/hrusa-jt_cafe_brno\u00a9jirihlousek-2143-400x600.jpg 400w, https:\/\/new.atelierbrno.cz\/wp-content\/uploads\/2024\/02\/hrusa-jt_cafe_brno\u00a9jirihlousek-2143-600x900.jpg 600w, https:\/\/new.atelierbrno.cz\/wp-content\/uploads\/2024\/02\/hrusa-jt_cafe_brno\u00a9jirihlousek-2143-800x1200.jpg 800w, https:\/\/new.atelierbrno.cz\/wp-content\/uploads\/2024\/02\/hrusa-jt_cafe_brno\u00a9jirihlousek-2143.jpg 5362w\" sizes=\"(max-width: 640px) 100vw, 5362px\" \/><\/a><\/span><\/div><div class=\"fusion-title title fusion-title-3 fusion-sep-none fusion-title-center fusion-title-text fusion-title-size-paragraph\" style=\"--awb-text-color:var(--awb-color8);--awb-link-color:var(--awb-color4);--awb-link-hover-color:var(--awb-color8);--awb-font-size:16px;\"><p class=\"title-heading-center title-heading-tag\" style=\"font-family:&quot;TrajanPro&quot;;font-style:normal;font-weight:400;margin:0;font-size:1em;\"><a href=\"https:\/\/new.atelierbrno.cz\/en\/redesign-cafe-j-in-the-original-interior-of-2011-we-have-replaced-worn-furniture-the-new-image-is-based-on-art-deco-style-co-author-david-prikryl-foto-jiri-hlous\/\" class=\"awb-custom-text-color awb-custom-text-hover-color\" target=\"_self\">Redesign Caf\u00e9 J&#038;T Bank in Office Center Triniti; In the original interior of 2011 we have replaced worn furniture, the new image is based on Art-Deco style. Co -author: David P\u0159ikryl  Foto: Ji\u0159\u00ed Hlou\u0161ek<\/a><\/p><\/div><\/div><div class=\"fusion-separator fusion-full-width-sep fusion-absolute-separator fusion-align-center fusion-single-px\" style=\"width:100%;max-width:100%;\"><div class=\"fusion-separator-border sep-single sep-solid\" style=\"border-color:var(--awb-custom_color_1);border-top-width:1px;\"><\/div><\/div><\/li>\n<li class=\"fusion-layout-column fusion_builder_column fusion-builder-column-4 fusion-flex-column post-card fusion-grid-column fusion-post-cards-grid-column\" style=\"--awb-bg-blend:overlay;--awb-bg-size:cover;\"><div class=\"fusion-column-wrapper fusion-flex-justify-content-flex-start fusion-content-layout-column\"><div class=\"fusion-text fusion-text-4\" style=\"--awb-content-alignment:center;--awb-font-size:15px;--awb-text-color:var(--awb-color6);--awb-text-font-family:&quot;TrajanPro&quot;;--awb-text-font-style:normal;--awb-text-font-weight:400;\"><p>23. 12. 2023<\/p>\n<\/div><div class=\"fusion-image-element \" style=\"text-align:center;--awb-max-width:350px;\"><span class=\" fusion-imageframe imageframe-none imageframe-4 hover-type-zoomin\"><a class=\"fusion-no-lightbox\" href=\"https:\/\/new.atelierbrno.cz\/en\/dear-friends-we-wish-you-a-beautiful-christmas-holiday-and-only-best-in-the-new-year-2024\/\" target=\"_self\" aria-label=\"PF_2024_Hrusa_&#038;_spol_page-0001\"><img decoding=\"async\" width=\"1170\" height=\"2481\" alt=\"Dear friends, we wish you a&nbsp;beautiful Christmas holiday and only best in the new year 2024\" src=\"https:\/\/new.atelierbrno.cz\/wp-content\/uploads\/2024\/05\/PF_2024_Hrusa__spol_page-0001.jpg\" class=\"img-responsive wp-image-1816\" srcset=\"https:\/\/new.atelierbrno.cz\/wp-content\/uploads\/2024\/05\/PF_2024_Hrusa__spol_page-0001-200x424.jpg 200w, https:\/\/new.atelierbrno.cz\/wp-content\/uploads\/2024\/05\/PF_2024_Hrusa__spol_page-0001-400x848.jpg 400w, https:\/\/new.atelierbrno.cz\/wp-content\/uploads\/2024\/05\/PF_2024_Hrusa__spol_page-0001-600x1272.jpg 600w, https:\/\/new.atelierbrno.cz\/wp-content\/uploads\/2024\/05\/PF_2024_Hrusa__spol_page-0001-800x1696.jpg 800w, https:\/\/new.atelierbrno.cz\/wp-content\/uploads\/2024\/05\/PF_2024_Hrusa__spol_page-0001.jpg 1170w\" sizes=\"(max-width: 640px) 100vw, 1170px\" \/><\/a><\/span><\/div><div class=\"fusion-title title fusion-title-4 fusion-sep-none fusion-title-center fusion-title-text fusion-title-size-paragraph\" style=\"--awb-text-color:var(--awb-color8);--awb-link-color:var(--awb-color4);--awb-link-hover-color:var(--awb-color8);--awb-font-size:16px;\"><p class=\"title-heading-center title-heading-tag\" style=\"font-family:&quot;TrajanPro&quot;;font-style:normal;font-weight:400;margin:0;font-size:1em;\"><a href=\"https:\/\/new.atelierbrno.cz\/en\/dear-friends-we-wish-you-a-beautiful-christmas-holiday-and-only-best-in-the-new-year-2024\/\" class=\"awb-custom-text-color awb-custom-text-hover-color\" target=\"_self\">Dear friends, we wish you a&nbsp;beautiful Christmas holiday and only best in the new year 2024<\/a><\/p><\/div><\/div><div class=\"fusion-separator fusion-full-width-sep fusion-absolute-separator fusion-align-center fusion-single-px\" style=\"width:100%;max-width:100%;\"><div class=\"fusion-separator-border sep-single sep-solid\" style=\"border-color:var(--awb-custom_color_1);border-top-width:1px;\"><\/div><\/div><\/li>\n<li class=\"fusion-layout-column fusion_builder_column fusion-builder-column-5 fusion-flex-column post-card fusion-grid-column fusion-post-cards-grid-column\" style=\"--awb-bg-blend:overlay;--awb-bg-size:cover;\"><div class=\"fusion-column-wrapper fusion-flex-justify-content-flex-start fusion-content-layout-column\"><div class=\"fusion-text fusion-text-5\" style=\"--awb-content-alignment:center;--awb-font-size:15px;--awb-text-color:var(--awb-color6);--awb-text-font-family:&quot;TrajanPro&quot;;--awb-text-font-style:normal;--awb-text-font-weight:400;\"><p>25. 10. 2023<\/p>\n<\/div><div class=\"fusion-image-element \" style=\"text-align:center;--awb-max-width:350px;\"><span class=\" fusion-imageframe imageframe-none imageframe-5 hover-type-zoomin\"><a class=\"fusion-no-lightbox\" href=\"https:\/\/new.atelierbrno.cz\/en\/prednaska-prof-petra-hrusi-prednaska-na-mezinarodni-a-interdisciplinarni-konferenci-architektura-v-perspektive-poradatel-vsb-tu-ostrava-ostrava-archetyp-stoa\/\" target=\"_self\" aria-label=\"pozv\u00e1nka AvP 2023 &#8211; crop1000\"><img decoding=\"async\" width=\"1000\" height=\"476\" alt=\"lecture by prof. petr hr\u016f\u0161a &#8211; lecture at the international and interdisciplinary conference &#8220;architecture in perspective&#8221;; organiser V\u0160B TU ostrava, ostrava, &#8220;archetype of stoa &#8211; columns_CZ&#8221;\" src=\"https:\/\/new.atelierbrno.cz\/wp-content\/uploads\/2023\/10\/pozvanka-AvP-2023-crop1000.png\" class=\"img-responsive wp-image-774\" srcset=\"https:\/\/new.atelierbrno.cz\/wp-content\/uploads\/2023\/10\/pozvanka-AvP-2023-crop1000-200x95.png 200w, https:\/\/new.atelierbrno.cz\/wp-content\/uploads\/2023\/10\/pozvanka-AvP-2023-crop1000-400x190.png 400w, https:\/\/new.atelierbrno.cz\/wp-content\/uploads\/2023\/10\/pozvanka-AvP-2023-crop1000-600x286.png 600w, https:\/\/new.atelierbrno.cz\/wp-content\/uploads\/2023\/10\/pozvanka-AvP-2023-crop1000-800x381.png 800w, https:\/\/new.atelierbrno.cz\/wp-content\/uploads\/2023\/10\/pozvanka-AvP-2023-crop1000.png 1000w\" sizes=\"(max-width: 640px) 100vw, 1000px\" \/><\/a><\/span><\/div><div class=\"fusion-title title fusion-title-5 fusion-sep-none fusion-title-center fusion-title-text fusion-title-size-paragraph\" style=\"--awb-text-color:var(--awb-color8);--awb-link-color:var(--awb-color4);--awb-link-hover-color:var(--awb-color8);--awb-font-size:16px;\"><p class=\"title-heading-center title-heading-tag\" style=\"font-family:&quot;TrajanPro&quot;;font-style:normal;font-weight:400;margin:0;font-size:1em;\"><a href=\"https:\/\/new.atelierbrno.cz\/en\/prednaska-prof-petra-hrusi-prednaska-na-mezinarodni-a-interdisciplinarni-konferenci-architektura-v-perspektive-poradatel-vsb-tu-ostrava-ostrava-archetyp-stoa\/\" class=\"awb-custom-text-color awb-custom-text-hover-color\" target=\"_self\">lecture by prof. petr hr\u016f\u0161a &#8211; lecture at the international and interdisciplinary conference &#8220;architecture in perspective&#8221;; organiser V\u0160B TU ostrava, ostrava, &#8220;archetype of stoa &#8211; columns_CZ&#8221;<\/a><\/p><\/div><\/div><div class=\"fusion-separator fusion-full-width-sep fusion-absolute-separator fusion-align-center fusion-single-px\" style=\"width:100%;max-width:100%;\"><div class=\"fusion-separator-border sep-single sep-solid\" style=\"border-color:var(--awb-custom_color_1);border-top-width:1px;\"><\/div><\/div><\/li>\n<li class=\"fusion-layout-column fusion_builder_column fusion-builder-column-6 fusion-flex-column post-card fusion-grid-column fusion-post-cards-grid-column\" style=\"--awb-bg-blend:overlay;--awb-bg-size:cover;\"><div class=\"fusion-column-wrapper fusion-flex-justify-content-flex-start fusion-content-layout-column\"><div class=\"fusion-text fusion-text-6\" style=\"--awb-content-alignment:center;--awb-font-size:15px;--awb-text-color:var(--awb-color6);--awb-text-font-family:&quot;TrajanPro&quot;;--awb-text-font-style:normal;--awb-text-font-weight:400;\"><p>14. 6. 2023<\/p>\n<\/div><div class=\"fusion-title title fusion-title-6 fusion-sep-none fusion-title-center fusion-title-text fusion-title-size-paragraph\" style=\"--awb-text-color:var(--awb-color8);--awb-link-color:var(--awb-color4);--awb-link-hover-color:var(--awb-color8);--awb-font-size:16px;\"><p class=\"title-heading-center title-heading-tag\" style=\"font-family:&quot;TrajanPro&quot;;font-style:normal;font-weight:400;margin:0;font-size:1em;\"><a href=\"https:\/\/new.atelierbrno.cz\/en\/prednaska-na-workshopu-od-myslenky-k-architekture-o-mentalni-praci-architekta-poradatel-muni-arts-npu-metodicke-centrum-moderni-architektury-v-brne-vila-stiastni-archi\/\" class=\"awb-custom-text-color awb-custom-text-hover-color\" target=\"_self\">lecture at the workshop &#8220;from idea to architecture, on the mental work of the architect&#8221;. organized by MUNI arts, NP\u00da, methodological centre of modern architecture in brno, vila stiastni, &#8220;architecture as techn\u00e9 and its principle of poi\u00e9sis&#8221;<\/a><\/p><\/div><\/div><div class=\"fusion-separator fusion-full-width-sep fusion-absolute-separator fusion-align-center fusion-single-px\" style=\"width:100%;max-width:100%;\"><div class=\"fusion-separator-border sep-single sep-solid\" style=\"border-color:var(--awb-custom_color_1);border-top-width:1px;\"><\/div><\/div><\/li>\n<li class=\"fusion-layout-column fusion_builder_column fusion-builder-column-7 fusion-flex-column post-card fusion-grid-column fusion-post-cards-grid-column\" style=\"--awb-bg-blend:overlay;--awb-bg-size:cover;\"><div class=\"fusion-column-wrapper fusion-flex-justify-content-flex-start fusion-content-layout-column\"><div class=\"fusion-text fusion-text-7\" style=\"--awb-content-alignment:center;--awb-font-size:15px;--awb-text-color:var(--awb-color6);--awb-text-font-family:&quot;TrajanPro&quot;;--awb-text-font-style:normal;--awb-text-font-weight:400;\"><p>9. 6. 2023<\/p>\n<\/div><div class=\"fusion-title title fusion-title-7 fusion-sep-none fusion-title-center fusion-title-text fusion-title-size-paragraph\" style=\"--awb-text-color:var(--awb-color8);--awb-link-color:var(--awb-color4);--awb-link-hover-color:var(--awb-color8);--awb-font-size:16px;\"><p class=\"title-heading-center title-heading-tag\" style=\"font-family:&quot;TrajanPro&quot;;font-style:normal;font-weight:400;margin:0;font-size:1em;\"><a href=\"https:\/\/new.atelierbrno.cz\/en\/prednaska-pro-studenty-fua-v-liberci-na-letni-skole-remesel-manualni-propedeutika-architekta-poradatel-fua-tu-liberec-galerie-masna-slavonice-institut-fur-kulturresistente-guter\/\" class=\"awb-custom-text-color awb-custom-text-hover-color\" target=\"_self\">lecture for FUA students in liberec at the summer school of crafts &#8220;manual propaedeutics of the architect&#8221;; organized by FUA TU liberec; galerie masna slavonice &#038; institut f\u00fcr kulturresistente guter wien, &#8220;conductor and architect and the principle of &#8220;techn\u00e9 a&nbsp;poiesis&#8221;<\/a><\/p><\/div><\/div><div class=\"fusion-separator fusion-full-width-sep fusion-absolute-separator fusion-align-center fusion-single-px\" style=\"width:100%;max-width:100%;\"><div class=\"fusion-separator-border sep-single sep-solid\" style=\"border-color:var(--awb-custom_color_1);border-top-width:1px;\"><\/div><\/div><\/li>\n<\/ul><div class=\"pagination clearfix\"><\/div><div class=\"fusion-clearfix\"><\/div><\/div><\/div><\/div><\/div><\/div>\n","protected":false},"excerpt":{"rendered":"","protected":false},"author":1,"featured_media":0,"parent":0,"menu_order":0,"comment_status":"closed","ping_status":"closed","template":"100-width.php","meta":{"footnotes":""},"class_list":["post-495","page","type-page","status-publish","hentry"],"yoast_head":"<!-- This site is optimized with the Yoast SEO plugin v22.3 - https:\/\/yoast.com\/wordpress\/plugins\/seo\/ -->\n<title>Archive news - Ateli\u00e9r Brno<\/title>\n<meta name=\"robots\" content=\"noindex, follow, max-snippet:-1, max-image-preview:large, max-video-preview:-1\" \/>\n<meta property=\"og:locale\" content=\"en_US\" \/>\n<meta property=\"og:type\" content=\"article\" \/>\n<meta property=\"og:title\" content=\"Archive news - Ateli\u00e9r Brno\" \/>\n<meta property=\"og:url\" content=\"https:\/\/new.atelierbrno.cz\/archiv-zprav\/\" \/>\n<meta property=\"og:site_name\" content=\"Ateli\u00e9r Brno\" \/>\n<meta property=\"article:modified_time\" content=\"2023-12-11T17:59:18+00:00\" \/>\n<meta name=\"twitter:card\" content=\"summary_large_image\" \/>\n<meta name=\"twitter:label1\" content=\"Est. reading time\" \/>\n\t<meta name=\"twitter:data1\" content=\"3 minutes\" \/>\n<script type=\"application\/ld+json\" class=\"yoast-schema-graph\">{\"@context\":\"https:\/\/schema.org\",\"@graph\":[{\"@type\":\"WebPage\",\"@id\":\"https:\/\/new.atelierbrno.cz\/archiv-zprav\/\",\"url\":\"https:\/\/new.atelierbrno.cz\/archiv-zprav\/\",\"name\":\"Archive news - Ateli\u00e9r Brno\",\"isPartOf\":{\"@id\":\"https:\/\/new.atelierbrno.cz\/#website\"},\"datePublished\":\"2023-07-17T13:03:02+00:00\",\"dateModified\":\"2023-12-11T17:59:18+00:00\",\"breadcrumb\":{\"@id\":\"https:\/\/new.atelierbrno.cz\/archiv-zprav\/#breadcrumb\"},\"inLanguage\":\"en-US\",\"potentialAction\":[{\"@type\":\"ReadAction\",\"target\":[\"https:\/\/new.atelierbrno.cz\/archiv-zprav\/\"]}]},{\"@type\":\"BreadcrumbList\",\"@id\":\"https:\/\/new.atelierbrno.cz\/archiv-zprav\/#breadcrumb\",\"itemListElement\":[{\"@type\":\"ListItem\",\"position\":1,\"name\":\"Dom\u016f\",\"item\":\"https:\/\/new.atelierbrno.cz\/en\/\"},{\"@type\":\"ListItem\",\"position\":2,\"name\":\"Archive news\"}]},{\"@type\":\"WebSite\",\"@id\":\"https:\/\/new.atelierbrno.cz\/#website\",\"url\":\"https:\/\/new.atelierbrno.cz\/\",\"name\":\"Ateli\u00e9r Brno\",\"description\":\"Architekti Hr\u016f\u0161a &amp; spol.\",\"potentialAction\":[{\"@type\":\"SearchAction\",\"target\":{\"@type\":\"EntryPoint\",\"urlTemplate\":\"https:\/\/new.atelierbrno.cz\/?s={search_term_string}\"},\"query-input\":\"required name=search_term_string\"}],\"inLanguage\":\"en-US\"}]}<\/script>\n<!-- \/ Yoast SEO plugin. -->","yoast_head_json":{"title":"Archive news - Ateli\u00e9r Brno","robots":{"index":"noindex","follow":"follow","max-snippet":"max-snippet:-1","max-image-preview":"max-image-preview:large","max-video-preview":"max-video-preview:-1"},"og_locale":"en_US","og_type":"article","og_title":"Archive news - Ateli\u00e9r Brno","og_url":"https:\/\/new.atelierbrno.cz\/archiv-zprav\/","og_site_name":"Ateli\u00e9r Brno","article_modified_time":"2023-12-11T17:59:18+00:00","twitter_card":"summary_large_image","twitter_misc":{"Est. reading time":"3 minutes"},"schema":{"@context":"https:\/\/schema.org","@graph":[{"@type":"WebPage","@id":"https:\/\/new.atelierbrno.cz\/archiv-zprav\/","url":"https:\/\/new.atelierbrno.cz\/archiv-zprav\/","name":"Archive news - Ateli\u00e9r Brno","isPartOf":{"@id":"https:\/\/new.atelierbrno.cz\/#website"},"datePublished":"2023-07-17T13:03:02+00:00","dateModified":"2023-12-11T17:59:18+00:00","breadcrumb":{"@id":"https:\/\/new.atelierbrno.cz\/archiv-zprav\/#breadcrumb"},"inLanguage":"en-US","potentialAction":[{"@type":"ReadAction","target":["https:\/\/new.atelierbrno.cz\/archiv-zprav\/"]}]},{"@type":"BreadcrumbList","@id":"https:\/\/new.atelierbrno.cz\/archiv-zprav\/#breadcrumb","itemListElement":[{"@type":"ListItem","position":1,"name":"Dom\u016f","item":"https:\/\/new.atelierbrno.cz\/en\/"},{"@type":"ListItem","position":2,"name":"Archive news"}]},{"@type":"WebSite","@id":"https:\/\/new.atelierbrno.cz\/#website","url":"https:\/\/new.atelierbrno.cz\/","name":"Ateli\u00e9r Brno","description":"Architekti Hr\u016f\u0161a &amp; spol.","potentialAction":[{"@type":"SearchAction","target":{"@type":"EntryPoint","urlTemplate":"https:\/\/new.atelierbrno.cz\/?s={search_term_string}"},"query-input":"required name=search_term_string"}],"inLanguage":"en-US"}]}},"_links":{"self":[{"href":"https:\/\/new.atelierbrno.cz\/en\/wp-json\/wp\/v2\/pages\/495","targetHints":{"allow":["GET"]}}],"collection":[{"href":"https:\/\/new.atelierbrno.cz\/en\/wp-json\/wp\/v2\/pages"}],"about":[{"href":"https:\/\/new.atelierbrno.cz\/en\/wp-json\/wp\/v2\/types\/page"}],"author":[{"embeddable":true,"href":"https:\/\/new.atelierbrno.cz\/en\/wp-json\/wp\/v2\/users\/1"}],"replies":[{"embeddable":true,"href":"https:\/\/new.atelierbrno.cz\/en\/wp-json\/wp\/v2\/comments?post=495"}],"version-history":[{"count":3,"href":"https:\/\/new.atelierbrno.cz\/en\/wp-json\/wp\/v2\/pages\/495\/revisions"}],"predecessor-version":[{"id":672,"href":"https:\/\/new.atelierbrno.cz\/en\/wp-json\/wp\/v2\/pages\/495\/revisions\/672"}],"wp:attachment":[{"href":"https:\/\/new.atelierbrno.cz\/en\/wp-json\/wp\/v2\/media?parent=495"}],"curies":[{"name":"wp","href":"https:\/\/api.w.org\/{rel}","templated":true}]}}