{"id":499,"date":"2023-09-20T14:11:43","date_gmt":"2023-09-20T12:11:43","guid":{"rendered":"http:\/\/new.atelierbrno.cz\/?page_id=499"},"modified":"2024-01-09T10:39:21","modified_gmt":"2024-01-09T09:39:21","slug":"projects","status":"publish","type":"page","link":"https:\/\/new.atelierbrno.cz\/en\/projects\/","title":{"rendered":"Projects"},"content":{"rendered":"<div class=\"fusion-fullwidth fullwidth-box fusion-builder-row-1 fusion-flex-container has-pattern-background has-mask-background nonhundred-percent-fullwidth non-hundred-percent-height-scrolling\" style=\"--awb-border-radius-top-left:0px;--awb-border-radius-top-right:0px;--awb-border-radius-bottom-right:0px;--awb-border-radius-bottom-left:0px;--awb-padding-bottom:3.75rem;--awb-padding-top-small:1rem;\" ><div class=\"fusion-builder-row fusion-row fusion-flex-align-items-flex-start\" style=\"max-width:1248px;margin-left: calc(-4% \/ 2 );margin-right: calc(-4% \/ 2 );\"><div class=\"fusion-layout-column fusion_builder_column fusion-builder-column-0 fusion_builder_column_1_1 1_1 fusion-flex-column fusion-animated\" style=\"--awb-bg-size:cover;--awb-width-large:100%;--awb-spacing-right-large:1.92%;--awb-spacing-left-large:1.92%;--awb-width-medium:100%;--awb-order-medium:0;--awb-spacing-right-medium:1.92%;--awb-spacing-left-medium:1.92%;--awb-width-small:100%;--awb-order-small:0;--awb-spacing-right-small:1.92%;--awb-spacing-left-small:1.92%;\" data-animationType=\"fadeIn\" data-animationDuration=\"0.4\" data-animationDelay=\"0.2\" data-animationOffset=\"top-into-view\"><div class=\"fusion-column-wrapper fusion-column-has-shadow fusion-flex-justify-content-flex-start fusion-content-layout-column\"><div class=\"fusion-post-cards fusion-post-cards-1 fusion-grid-archive postcards_reference\" style=\"--awb-column-spacing:;--awb-dots-align:center;--awb-columns:3;--awb-filters-font-size:16px;--awb-filters-line-height:var(--awb-typography4-line-height);--awb-filters-letter-spacing:var(--awb-typography4-letter-spacing);--awb-filters-text-transform:var(--awb-typography4-text-transform);--awb-filters-color:var(--awb-color6);--awb-filters-hover-color:var(--awb-color4);--awb-filters-active-color:var(--awb-color8);--awb-active-filter-border-size:0px;--awb-filters-height:36px;--awb-row-spacing:;--awb-filters-font-family:var(--awb-typography4-font-family);--awb-filters-font-weight:var(--awb-typography4-font-weight);--awb-filters-font-style:var(--awb-typography4-font-style);--awb-filters-alignment-medium:flex-start;--awb-filters-alignment-small:flex-start;\"><div><ul class=\"fusion-filters\" role=\"menu\" aria-label=\"Post Filters\"><li role=\"presentation\" class=\"fusion-filter fusion-filter-all fusion-active\"><a href=\"#\" data-filter=\"*\" role=\"menuitem\">All<\/a><\/li><li role=\"presentation\" class=\"fusion-filter fusion-hidden\"><a href=\"#\" data-filter=\".administration-business-and-services\" role=\"menuitem\">administration, business and services<\/a><\/li><li role=\"presentation\" class=\"fusion-filter fusion-hidden\"><a href=\"#\" data-filter=\".housing\" role=\"menuitem\">housing<\/a><\/li><li role=\"presentation\" class=\"fusion-filter fusion-hidden\"><a href=\"#\" data-filter=\".interiors\" role=\"menuitem\">interiors<\/a><\/li><\/ul><\/div><ul class=\"fusion-grid fusion-grid-3 fusion-flex-align-items-flex-start fusion-grid-posts-cards\"><li class=\"fusion-layout-column fusion_builder_column fusion-builder-column-1 fusion-flex-column reference-box fusion-column-inner-bg-wrapper post-card fusion-grid-column fusion-post-cards-grid-column housing interiery\" style=\"--awb-inner-bg-blend:overlay;--awb-inner-bg-size:cover;\"><span class=\"fusion-column-inner-bg hover-type-none\"><a class=\"fusion-column-anchor\" href=\"https:\/\/new.atelierbrno.cz\/en\/avada_portfolio\/jt-banka-cafe-ac-triniti-brno\/\"><span class=\"fusion-column-inner-bg-image\"><\/span><\/a><\/span><div class=\"fusion-column-wrapper fusion-column-has-shadow fusion-flex-justify-content-center fusion-content-layout-column\"><div class=\"fusion-title title fusion-title-1 fusion-sep-none fusion-title-center fusion-title-text fusion-title-size-three\" style=\"--awb-text-color:#ffffff;--awb-margin-top:0px;--awb-margin-bottom:0px;\"><h3 class=\"title-heading-center\" style=\"margin:0;\">J&#038;T BANKA Caf\u00e9, AC Triniti, Brno<\/h3><\/div><\/div><\/li>\n<\/ul><\/div><\/div><\/div><\/div><\/div>\n","protected":false},"excerpt":{"rendered":"","protected":false},"author":1,"featured_media":0,"parent":0,"menu_order":0,"comment_status":"closed","ping_status":"closed","template":"100-width.php","meta":{"footnotes":""},"class_list":["post-499","page","type-page","status-publish","hentry"],"yoast_head":"<!-- This site is optimized with the Yoast SEO plugin v22.3 - https:\/\/yoast.com\/wordpress\/plugins\/seo\/ -->\n<title>Projects - Ateli\u00e9r Brno<\/title>\n<meta name=\"robots\" content=\"noindex, follow, max-snippet:-1, max-image-preview:large, max-video-preview:-1\" \/>\n<meta property=\"og:locale\" content=\"en_US\" \/>\n<meta property=\"og:type\" content=\"article\" \/>\n<meta property=\"og:title\" content=\"Projects - Ateli\u00e9r Brno\" \/>\n<meta property=\"og:url\" content=\"https:\/\/new.atelierbrno.cz\/projekty\/\" \/>\n<meta property=\"og:site_name\" content=\"Ateli\u00e9r Brno\" \/>\n<meta property=\"article:modified_time\" content=\"2024-01-09T09:39:21+00:00\" \/>\n<meta name=\"twitter:card\" content=\"summary_large_image\" \/>\n<meta name=\"twitter:label1\" content=\"Est. reading time\" \/>\n\t<meta name=\"twitter:data1\" content=\"3 minutes\" \/>\n<script type=\"application\/ld+json\" class=\"yoast-schema-graph\">{\"@context\":\"https:\/\/schema.org\",\"@graph\":[{\"@type\":\"WebPage\",\"@id\":\"https:\/\/new.atelierbrno.cz\/projekty\/\",\"url\":\"https:\/\/new.atelierbrno.cz\/projekty\/\",\"name\":\"Projects - Ateli\u00e9r Brno\",\"isPartOf\":{\"@id\":\"https:\/\/new.atelierbrno.cz\/#website\"},\"datePublished\":\"2023-09-20T12:11:43+00:00\",\"dateModified\":\"2024-01-09T09:39:21+00:00\",\"breadcrumb\":{\"@id\":\"https:\/\/new.atelierbrno.cz\/projekty\/#breadcrumb\"},\"inLanguage\":\"en-US\",\"potentialAction\":[{\"@type\":\"ReadAction\",\"target\":[\"https:\/\/new.atelierbrno.cz\/projekty\/\"]}]},{\"@type\":\"BreadcrumbList\",\"@id\":\"https:\/\/new.atelierbrno.cz\/projekty\/#breadcrumb\",\"itemListElement\":[{\"@type\":\"ListItem\",\"position\":1,\"name\":\"Dom\u016f\",\"item\":\"https:\/\/new.atelierbrno.cz\/en\/\"},{\"@type\":\"ListItem\",\"position\":2,\"name\":\"Projects\"}]},{\"@type\":\"WebSite\",\"@id\":\"https:\/\/new.atelierbrno.cz\/#website\",\"url\":\"https:\/\/new.atelierbrno.cz\/\",\"name\":\"Ateli\u00e9r Brno\",\"description\":\"Architekti Hr\u016f\u0161a &amp; spol.\",\"potentialAction\":[{\"@type\":\"SearchAction\",\"target\":{\"@type\":\"EntryPoint\",\"urlTemplate\":\"https:\/\/new.atelierbrno.cz\/?s={search_term_string}\"},\"query-input\":\"required name=search_term_string\"}],\"inLanguage\":\"en-US\"}]}<\/script>\n<!-- \/ Yoast SEO plugin. -->","yoast_head_json":{"title":"Projects - Ateli\u00e9r Brno","robots":{"index":"noindex","follow":"follow","max-snippet":"max-snippet:-1","max-image-preview":"max-image-preview:large","max-video-preview":"max-video-preview:-1"},"og_locale":"en_US","og_type":"article","og_title":"Projects - Ateli\u00e9r Brno","og_url":"https:\/\/new.atelierbrno.cz\/projekty\/","og_site_name":"Ateli\u00e9r Brno","article_modified_time":"2024-01-09T09:39:21+00:00","twitter_card":"summary_large_image","twitter_misc":{"Est. reading time":"3 minutes"},"schema":{"@context":"https:\/\/schema.org","@graph":[{"@type":"WebPage","@id":"https:\/\/new.atelierbrno.cz\/projekty\/","url":"https:\/\/new.atelierbrno.cz\/projekty\/","name":"Projects - Ateli\u00e9r Brno","isPartOf":{"@id":"https:\/\/new.atelierbrno.cz\/#website"},"datePublished":"2023-09-20T12:11:43+00:00","dateModified":"2024-01-09T09:39:21+00:00","breadcrumb":{"@id":"https:\/\/new.atelierbrno.cz\/projekty\/#breadcrumb"},"inLanguage":"en-US","potentialAction":[{"@type":"ReadAction","target":["https:\/\/new.atelierbrno.cz\/projekty\/"]}]},{"@type":"BreadcrumbList","@id":"https:\/\/new.atelierbrno.cz\/projekty\/#breadcrumb","itemListElement":[{"@type":"ListItem","position":1,"name":"Dom\u016f","item":"https:\/\/new.atelierbrno.cz\/en\/"},{"@type":"ListItem","position":2,"name":"Projects"}]},{"@type":"WebSite","@id":"https:\/\/new.atelierbrno.cz\/#website","url":"https:\/\/new.atelierbrno.cz\/","name":"Ateli\u00e9r Brno","description":"Architekti Hr\u016f\u0161a &amp; spol.","potentialAction":[{"@type":"SearchAction","target":{"@type":"EntryPoint","urlTemplate":"https:\/\/new.atelierbrno.cz\/?s={search_term_string}"},"query-input":"required name=search_term_string"}],"inLanguage":"en-US"}]}},"_links":{"self":[{"href":"https:\/\/new.atelierbrno.cz\/en\/wp-json\/wp\/v2\/pages\/499","targetHints":{"allow":["GET"]}}],"collection":[{"href":"https:\/\/new.atelierbrno.cz\/en\/wp-json\/wp\/v2\/pages"}],"about":[{"href":"https:\/\/new.atelierbrno.cz\/en\/wp-json\/wp\/v2\/types\/page"}],"author":[{"embeddable":true,"href":"https:\/\/new.atelierbrno.cz\/en\/wp-json\/wp\/v2\/users\/1"}],"replies":[{"embeddable":true,"href":"https:\/\/new.atelierbrno.cz\/en\/wp-json\/wp\/v2\/comments?post=499"}],"version-history":[{"count":3,"href":"https:\/\/new.atelierbrno.cz\/en\/wp-json\/wp\/v2\/pages\/499\/revisions"}],"predecessor-version":[{"id":824,"href":"https:\/\/new.atelierbrno.cz\/en\/wp-json\/wp\/v2\/pages\/499\/revisions\/824"}],"wp:attachment":[{"href":"https:\/\/new.atelierbrno.cz\/en\/wp-json\/wp\/v2\/media?parent=499"}],"curies":[{"name":"wp","href":"https:\/\/api.w.org\/{rel}","templated":true}]}}